{"id":26,"date":"2023-11-01T22:46:48","date_gmt":"2023-11-01T22:46:48","guid":{"rendered":"https:\/\/www.gmexconsulting.com\/cms\/br\/?page_id=26"},"modified":"2024-02-14T23:22:00","modified_gmt":"2024-02-14T23:22:00","slug":"sobre-nos","status":"publish","type":"page","link":"https:\/\/www.gmexconsulting.com\/cms\/br\/sobre-nos\/","title":{"rendered":"Sobre n\u00f3s"},"content":{"rendered":"<p><strong>O que fazemos:<\/strong><\/p>\n<p>Ajudamos as empresas a se expandirem no exterior, orientando-as sobre como tomar decis\u00f5es informadas. O objetivo \u00e9 ajudar nossos clientes a ter sucesso em mercados estrangeiros e auxili\u00e1-los na diversifica\u00e7\u00e3o geoestrat\u00e9gica. Trazemos voc\u00ea para o mundo e o mundo para voc\u00ea.<\/p>\n<p><strong>Por que voc\u00ea deve nos contratar:<\/strong><\/p>\n<p>Como l\u00edderes de mercado ou grandes participantes, as empresas geralmente consideram o sucesso na expans\u00e3o internacional como algo garantido e superestimam muito as chances de sucesso. Elas subestimam os desafios, sejam eles culturais, alfandeg\u00e1rios, lingu\u00edsticos, financeiros ou jur\u00eddicos. Ser um participante importante ou at\u00e9 mesmo um l\u00edder de mercado \u00e9 uma boa posi\u00e7\u00e3o inicial, mas n\u00e3o garante o sucesso, como visto na expans\u00e3o do Walmart para a Alemanha. Conhecemos os mercados, ajudamos nossos clientes e, assim, reduzimos os riscos, aumentando a probabilidade de sucesso.<\/p>\n<p><strong>Quem somos n\u00f3s:<\/strong><\/p>\n<p>Nossos consultores t\u00eam forma\u00e7\u00e3o educacional e experi\u00eancia t\u00e9cnica e comercial (PhD, MBA etc.). Eles t\u00eam vasta experi\u00eancia em seu mercado-alvo, conhecem as regras e os costumes locais e falam o idioma local. <a href=\"https:\/\/www.gmexconsulting.com\/cms\/br\/contato\/\">Fale conosco<\/a> sobre o que podemos oferecer a voc\u00ea.<\/p>\n<p>&nbsp;<\/p>\n","protected":false},"excerpt":{"rendered":"<p>O que fazemos: Ajudamos as empresas a se expandirem no exterior, orientando-as sobre como tomar decis\u00f5es informadas. O objetivo \u00e9 ajudar nossos clientes a ter sucesso em mercados estrangeiros e auxili\u00e1-los na diversifica\u00e7\u00e3o geoestrat\u00e9gica. Trazemos voc\u00ea para o mundo e o mundo para voc\u00ea. Por que voc\u00ea deve nos contratar: Como l\u00edderes de mercado ou [&hellip;]<\/p>\n","protected":false},"author":1,"featured_media":0,"parent":0,"menu_order":0,"comment_status":"closed","ping_status":"closed","template":"","meta":{"footnotes":"","_links_to":"","_links_to_target":""},"class_list":["post-26","page","type-page","status-publish","hentry"],"_links":{"self":[{"href":"https:\/\/www.gmexconsulting.com\/cms\/br\/wp-json\/wp\/v2\/pages\/26","targetHints":{"allow":["GET"]}}],"collection":[{"href":"https:\/\/www.gmexconsulting.com\/cms\/br\/wp-json\/wp\/v2\/pages"}],"about":[{"href":"https:\/\/www.gmexconsulting.com\/cms\/br\/wp-json\/wp\/v2\/types\/page"}],"author":[{"embeddable":true,"href":"https:\/\/www.gmexconsulting.com\/cms\/br\/wp-json\/wp\/v2\/users\/1"}],"replies":[{"embeddable":true,"href":"https:\/\/www.gmexconsulting.com\/cms\/br\/wp-json\/wp\/v2\/comments?post=26"}],"version-history":[{"count":3,"href":"https:\/\/www.gmexconsulting.com\/cms\/br\/wp-json\/wp\/v2\/pages\/26\/revisions"}],"predecessor-version":[{"id":86,"href":"https:\/\/www.gmexconsulting.com\/cms\/br\/wp-json\/wp\/v2\/pages\/26\/revisions\/86"}],"wp:attachment":[{"href":"https:\/\/www.gmexconsulting.com\/cms\/br\/wp-json\/wp\/v2\/media?parent=26"}],"curies":[{"name":"wp","href":"https:\/\/api.w.org\/{rel}","templated":true}]}}