{"id":1028,"date":"2026-04-23T22:29:04","date_gmt":"2026-04-23T22:29:04","guid":{"rendered":"https:\/\/www.gmexconsulting.com\/cms\/de\/?page_id=1028"},"modified":"2026-04-23T22:29:04","modified_gmt":"2026-04-23T22:29:04","slug":"markteintritt-usa","status":"publish","type":"page","link":"https:\/\/www.gmexconsulting.com\/cms\/de\/markte\/markteintritt-usa\/","title":{"rendered":"Markteintritt USA"},"content":{"rendered":"<p><img loading=\"lazy\" decoding=\"async\" class=\"alignnone  wp-image-1029\" src=\"https:\/\/www.gmexconsulting.com\/cms\/de\/wp-content\/uploads\/2026\/04\/erfolgreich_in_die_usa_expandieren.webp\" alt=\"\" width=\"948\" height=\"632\" srcset=\"https:\/\/www.gmexconsulting.com\/cms\/de\/wp-content\/uploads\/2026\/04\/erfolgreich_in_die_usa_expandieren.webp 1536w, https:\/\/www.gmexconsulting.com\/cms\/de\/wp-content\/uploads\/2026\/04\/erfolgreich_in_die_usa_expandieren-300x200.webp 300w, https:\/\/www.gmexconsulting.com\/cms\/de\/wp-content\/uploads\/2026\/04\/erfolgreich_in_die_usa_expandieren-1024x683.webp 1024w, https:\/\/www.gmexconsulting.com\/cms\/de\/wp-content\/uploads\/2026\/04\/erfolgreich_in_die_usa_expandieren-768x512.webp 768w, https:\/\/www.gmexconsulting.com\/cms\/de\/wp-content\/uploads\/2026\/04\/erfolgreich_in_die_usa_expandieren-24x16.webp 24w, https:\/\/www.gmexconsulting.com\/cms\/de\/wp-content\/uploads\/2026\/04\/erfolgreich_in_die_usa_expandieren-36x24.webp 36w, https:\/\/www.gmexconsulting.com\/cms\/de\/wp-content\/uploads\/2026\/04\/erfolgreich_in_die_usa_expandieren-48x32.webp 48w\" sizes=\"auto, (max-width: 948px) 100vw, 948px\" \/><\/p>\n<p><strong>Strategiegespr\u00e4ch: Markteintritt USA (60 Minuten)<\/strong><\/p>\n<p><strong>\u00dcberblick<\/strong><\/p>\n<p><strong>Kernsession (45 Minuten)<\/strong><\/p>\n<ul>\n<li>Strukturierter Ansatz f\u00fcr den Eintritt in internationale M\u00e4rkte<\/li>\n<li>Fokus USA: Chancen, Risiken und typische Herausforderungen<\/li>\n<li>\u00dcberlegungen zur Unternehmensgr\u00fcndung: Rechtsformen, Gehaltsniveaus und Standortstrategie<\/li>\n<li><em>(Keine Rechts- oder Steuerberatung \u2013 ausschlie\u00dflich strategische Einordnung)<\/em><\/li>\n<li>Kulturelle Besonderheiten: Erfolgsfaktoren im US-amerikanischen Gesch\u00e4ftsumfeld<\/li>\n<\/ul>\n<p><strong>Q&amp;A (15 Minuten, optional)<\/strong><\/p>\n<p>Offene Fragerunde, individuell auf Ihre Situation zugeschnitten.<\/p>\n<p><strong>Format<\/strong><\/p>\n<p>Durchf\u00fchrung via Google Meet oder Zoom.<\/p>\n<p><strong>Referent<\/strong><\/p>\n<p>Durchgef\u00fchrt von einem PhD-\/MBA-ausgebildeten Referenten.<\/p>\n<p><strong>Optionales Add-on<\/strong><\/p>\n<p>Ersteinsch\u00e4tzung der Erfolgschancen Ihres Produkts im US-Markt, inklusive zentraler Risiken und Erfolgsfaktoren.<\/p>\n<p>Bereitstellung innerhalb von 7 Tagen.<\/p>\n","protected":false},"excerpt":{"rendered":"<p>Strategiegespr\u00e4ch: Markteintritt USA (60 Minuten) \u00dcberblick Kernsession (45 Minuten) Strukturierter Ansatz f\u00fcr den Eintritt in internationale M\u00e4rkte Fokus USA: Chancen, Risiken und typische Herausforderungen \u00dcberlegungen zur Unternehmensgr\u00fcndung: Rechtsformen, Gehaltsniveaus und Standortstrategie (Keine Rechts- oder Steuerberatung \u2013 ausschlie\u00dflich strategische Einordnung) Kulturelle Besonderheiten: Erfolgsfaktoren im US-amerikanischen Gesch\u00e4ftsumfeld Q&amp;A (15 Minuten, optional) Offene Fragerunde, individuell auf Ihre Situation [&hellip;]<\/p>\n","protected":false},"author":1,"featured_media":0,"parent":26,"menu_order":0,"comment_status":"closed","ping_status":"closed","template":"","meta":{"footnotes":"","_links_to":"","_links_to_target":""},"class_list":["post-1028","page","type-page","status-publish","hentry"],"_links":{"self":[{"href":"https:\/\/www.gmexconsulting.com\/cms\/de\/wp-json\/wp\/v2\/pages\/1028","targetHints":{"allow":["GET"]}}],"collection":[{"href":"https:\/\/www.gmexconsulting.com\/cms\/de\/wp-json\/wp\/v2\/pages"}],"about":[{"href":"https:\/\/www.gmexconsulting.com\/cms\/de\/wp-json\/wp\/v2\/types\/page"}],"author":[{"embeddable":true,"href":"https:\/\/www.gmexconsulting.com\/cms\/de\/wp-json\/wp\/v2\/users\/1"}],"replies":[{"embeddable":true,"href":"https:\/\/www.gmexconsulting.com\/cms\/de\/wp-json\/wp\/v2\/comments?post=1028"}],"version-history":[{"count":1,"href":"https:\/\/www.gmexconsulting.com\/cms\/de\/wp-json\/wp\/v2\/pages\/1028\/revisions"}],"predecessor-version":[{"id":1030,"href":"https:\/\/www.gmexconsulting.com\/cms\/de\/wp-json\/wp\/v2\/pages\/1028\/revisions\/1030"}],"up":[{"embeddable":true,"href":"https:\/\/www.gmexconsulting.com\/cms\/de\/wp-json\/wp\/v2\/pages\/26"}],"wp:attachment":[{"href":"https:\/\/www.gmexconsulting.com\/cms\/de\/wp-json\/wp\/v2\/media?parent=1028"}],"curies":[{"name":"wp","href":"https:\/\/api.w.org\/{rel}","templated":true}]}}