{"id":1032,"date":"2026-04-23T22:34:38","date_gmt":"2026-04-23T22:34:38","guid":{"rendered":"https:\/\/www.gmexconsulting.com\/cms\/de\/?page_id=1032"},"modified":"2026-04-23T22:34:38","modified_gmt":"2026-04-23T22:34:38","slug":"markteintritt-brasilien","status":"publish","type":"page","link":"https:\/\/www.gmexconsulting.com\/cms\/de\/markte\/markteintritt-brasilien\/","title":{"rendered":"Markteintritt Brasilien"},"content":{"rendered":"<p><img loading=\"lazy\" decoding=\"async\" class=\"alignnone  wp-image-1033\" src=\"https:\/\/www.gmexconsulting.com\/cms\/de\/wp-content\/uploads\/2026\/04\/erfolgreich_nach_brasilien_expandieren.webp\" alt=\"\" width=\"944\" height=\"629\" srcset=\"https:\/\/www.gmexconsulting.com\/cms\/de\/wp-content\/uploads\/2026\/04\/erfolgreich_nach_brasilien_expandieren.webp 1536w, https:\/\/www.gmexconsulting.com\/cms\/de\/wp-content\/uploads\/2026\/04\/erfolgreich_nach_brasilien_expandieren-300x200.webp 300w, https:\/\/www.gmexconsulting.com\/cms\/de\/wp-content\/uploads\/2026\/04\/erfolgreich_nach_brasilien_expandieren-1024x683.webp 1024w, https:\/\/www.gmexconsulting.com\/cms\/de\/wp-content\/uploads\/2026\/04\/erfolgreich_nach_brasilien_expandieren-768x512.webp 768w, https:\/\/www.gmexconsulting.com\/cms\/de\/wp-content\/uploads\/2026\/04\/erfolgreich_nach_brasilien_expandieren-24x16.webp 24w, https:\/\/www.gmexconsulting.com\/cms\/de\/wp-content\/uploads\/2026\/04\/erfolgreich_nach_brasilien_expandieren-36x24.webp 36w, https:\/\/www.gmexconsulting.com\/cms\/de\/wp-content\/uploads\/2026\/04\/erfolgreich_nach_brasilien_expandieren-48x32.webp 48w\" sizes=\"auto, (max-width: 944px) 100vw, 944px\" \/><\/p>\n<p><strong>Strategiegespr\u00e4ch: Markteintritt Brasilien<\/strong> (60 Minuten)<\/p>\n<p><strong>Kernsession (45 Minuten)<\/strong><br \/>\nStrukturierter Ansatz f\u00fcr den Eintritt in internationale M\u00e4rkte<br \/>\nFokus Brasilien: Chancen, Risiken und typische Herausforderungen<br \/>\n\u00dcberlegungen zur Unternehmensgr\u00fcndung: Rechtsformen, Gehaltsniveaus und Standortstrategie<br \/>\n(Keine Rechts- oder Steuerberatung \u2013 ausschlie\u00dflich strategische Einordnung)<br \/>\nKulturelle Besonderheiten: Erfolgsfaktoren im brasilianischen Gesch\u00e4ftsumfeld<\/p>\n<p><strong>Q&amp;A (15 Minuten, optional)<\/strong><\/p>\n<p>Offene Fragerunde, individuell auf Ihre Situation zugeschnitten.<\/p>\n<p><strong>Format<\/strong><\/p>\n<p>Durchf\u00fchrung via Google Meet oder Zoom.<\/p>\n<p><strong>Referent<\/strong><br \/>\nDurchgef\u00fchrt von einem PhD-\/MBA-ausgebildeten Referenten.<\/p>\n<p><strong>Optionales kostenloses Add-on<\/strong><\/p>\n<p>Ersteinsch\u00e4tzung der Erfolgschancen Ihres Produkts im brasilianischen Markt, inklusive zentraler Risiken und Erfolgsfaktoren.<br \/>\nBereitstellung innerhalb von 7 Tagen.<\/p>\n","protected":false},"excerpt":{"rendered":"<p>Strategiegespr\u00e4ch: Markteintritt Brasilien (60 Minuten) Kernsession (45 Minuten) Strukturierter Ansatz f\u00fcr den Eintritt in internationale M\u00e4rkte Fokus Brasilien: Chancen, Risiken und typische Herausforderungen \u00dcberlegungen zur Unternehmensgr\u00fcndung: Rechtsformen, Gehaltsniveaus und Standortstrategie (Keine Rechts- oder Steuerberatung \u2013 ausschlie\u00dflich strategische Einordnung) Kulturelle Besonderheiten: Erfolgsfaktoren im brasilianischen Gesch\u00e4ftsumfeld Q&amp;A (15 Minuten, optional) Offene Fragerunde, individuell auf Ihre Situation zugeschnitten. [&hellip;]<\/p>\n","protected":false},"author":1,"featured_media":0,"parent":26,"menu_order":0,"comment_status":"closed","ping_status":"closed","template":"","meta":{"footnotes":"","_links_to":"","_links_to_target":""},"class_list":["post-1032","page","type-page","status-publish","hentry"],"_links":{"self":[{"href":"https:\/\/www.gmexconsulting.com\/cms\/de\/wp-json\/wp\/v2\/pages\/1032","targetHints":{"allow":["GET"]}}],"collection":[{"href":"https:\/\/www.gmexconsulting.com\/cms\/de\/wp-json\/wp\/v2\/pages"}],"about":[{"href":"https:\/\/www.gmexconsulting.com\/cms\/de\/wp-json\/wp\/v2\/types\/page"}],"author":[{"embeddable":true,"href":"https:\/\/www.gmexconsulting.com\/cms\/de\/wp-json\/wp\/v2\/users\/1"}],"replies":[{"embeddable":true,"href":"https:\/\/www.gmexconsulting.com\/cms\/de\/wp-json\/wp\/v2\/comments?post=1032"}],"version-history":[{"count":1,"href":"https:\/\/www.gmexconsulting.com\/cms\/de\/wp-json\/wp\/v2\/pages\/1032\/revisions"}],"predecessor-version":[{"id":1034,"href":"https:\/\/www.gmexconsulting.com\/cms\/de\/wp-json\/wp\/v2\/pages\/1032\/revisions\/1034"}],"up":[{"embeddable":true,"href":"https:\/\/www.gmexconsulting.com\/cms\/de\/wp-json\/wp\/v2\/pages\/26"}],"wp:attachment":[{"href":"https:\/\/www.gmexconsulting.com\/cms\/de\/wp-json\/wp\/v2\/media?parent=1032"}],"curies":[{"name":"wp","href":"https:\/\/api.w.org\/{rel}","templated":true}]}}