{"id":1037,"date":"2026-04-23T23:12:58","date_gmt":"2026-04-23T23:12:58","guid":{"rendered":"https:\/\/www.gmexconsulting.com\/cms\/de\/?page_id=1037"},"modified":"2026-04-23T23:12:58","modified_gmt":"2026-04-23T23:12:58","slug":"markteintritt-china","status":"publish","type":"page","link":"https:\/\/www.gmexconsulting.com\/cms\/de\/markte\/markteintritt-china\/","title":{"rendered":"Markteintritt China"},"content":{"rendered":"<p><strong>Strategiegespr\u00e4ch: Markteintritt China (60 Minuten)<\/strong><\/p>\n<p><strong>\u00dcberblick<\/strong><\/p>\n<p><strong>Kernsession (45 Minuten)<\/strong><\/p>\n<ul>\n<li>Strukturierter Ansatz f\u00fcr den Eintritt in internationale M\u00e4rkte<\/li>\n<li>Fokus China: Chancen, Risiken und typische Fallstricke<\/li>\n<li>\u00dcberlegungen zur Unternehmensgr\u00fcndung: Rechtsformen, Gehaltsniveaus und Standortstrategie<\/li>\n<li><em>(Keine Rechts- oder Steuerberatung \u2013 ausschlie\u00dflich strategische Einordnung)<\/em><\/li>\n<li>Kulturelle Besonderheiten: Erfolgsfaktoren im chinesischen Gesch\u00e4ftsumfeld<\/li>\n<\/ul>\n<p><strong>Q&amp;A (15 Minuten, optional)<\/strong><\/p>\n<p>Offene Fragerunde, individuell auf Ihre Situation zugeschnitten.<\/p>\n<p><strong>Format<\/strong><\/p>\n<p>Durchf\u00fchrung via Google Meet oder Zoom.<\/p>\n<p><strong>Referent<\/strong><\/p>\n<p>Durchgef\u00fchrt von einem PhD-\/MBA-ausgebildeten Referenten.<\/p>\n<p><strong>Optionales kostenloses Add-on<\/strong><\/p>\n<p>Ersteinsch\u00e4tzung der Erfolgschancen Ihres Produkts im chinesischen Markt, inklusive zentraler Risiken und Erfolgsfaktoren.<\/p>\n<p>Bereitstellung innerhalb von 7 Tagen.<\/p>\n","protected":false},"excerpt":{"rendered":"<p>Strategiegespr\u00e4ch: Markteintritt China (60 Minuten) \u00dcberblick Kernsession (45 Minuten) Strukturierter Ansatz f\u00fcr den Eintritt in internationale M\u00e4rkte Fokus China: Chancen, Risiken und typische Fallstricke \u00dcberlegungen zur Unternehmensgr\u00fcndung: Rechtsformen, Gehaltsniveaus und Standortstrategie (Keine Rechts- oder Steuerberatung \u2013 ausschlie\u00dflich strategische Einordnung) Kulturelle Besonderheiten: Erfolgsfaktoren im chinesischen Gesch\u00e4ftsumfeld Q&amp;A (15 Minuten, optional) Offene Fragerunde, individuell auf Ihre Situation [&hellip;]<\/p>\n","protected":false},"author":1,"featured_media":0,"parent":26,"menu_order":0,"comment_status":"closed","ping_status":"closed","template":"","meta":{"footnotes":"","_links_to":"","_links_to_target":""},"class_list":["post-1037","page","type-page","status-publish","hentry"],"_links":{"self":[{"href":"https:\/\/www.gmexconsulting.com\/cms\/de\/wp-json\/wp\/v2\/pages\/1037","targetHints":{"allow":["GET"]}}],"collection":[{"href":"https:\/\/www.gmexconsulting.com\/cms\/de\/wp-json\/wp\/v2\/pages"}],"about":[{"href":"https:\/\/www.gmexconsulting.com\/cms\/de\/wp-json\/wp\/v2\/types\/page"}],"author":[{"embeddable":true,"href":"https:\/\/www.gmexconsulting.com\/cms\/de\/wp-json\/wp\/v2\/users\/1"}],"replies":[{"embeddable":true,"href":"https:\/\/www.gmexconsulting.com\/cms\/de\/wp-json\/wp\/v2\/comments?post=1037"}],"version-history":[{"count":1,"href":"https:\/\/www.gmexconsulting.com\/cms\/de\/wp-json\/wp\/v2\/pages\/1037\/revisions"}],"predecessor-version":[{"id":1038,"href":"https:\/\/www.gmexconsulting.com\/cms\/de\/wp-json\/wp\/v2\/pages\/1037\/revisions\/1038"}],"up":[{"embeddable":true,"href":"https:\/\/www.gmexconsulting.com\/cms\/de\/wp-json\/wp\/v2\/pages\/26"}],"wp:attachment":[{"href":"https:\/\/www.gmexconsulting.com\/cms\/de\/wp-json\/wp\/v2\/media?parent=1037"}],"curies":[{"name":"wp","href":"https:\/\/api.w.org\/{rel}","templated":true}]}}