{"id":20,"date":"2023-10-29T17:45:16","date_gmt":"2023-10-29T17:45:16","guid":{"rendered":"https:\/\/www.gmexconsulting.com\/cms\/de\/?page_id=20"},"modified":"2025-11-25T01:25:00","modified_gmt":"2025-11-25T01:25:00","slug":"uber-uns","status":"publish","type":"page","link":"https:\/\/www.gmexconsulting.com\/cms\/de\/uber-uns\/","title":{"rendered":"\u00fcber uns"},"content":{"rendered":"<p><strong>Was wir tun:<\/strong><\/p>\n<p>Wir unterst\u00fctzen Unternehmen bei der Expansion ins Ausland, indem wir sie beraten, wie sie fundierte Entscheidungen treffen k\u00f6nnen. Unser Ziel ist es, unseren Kunden zum Erfolg auf ausl\u00e4ndischen M\u00e4rkten zu verhelfen und sie bei der geostrategischen Diversifizierung zu unterst\u00fctzen. Wir bringen Sie in die Welt und die Welt zu Ihnen.<\/p>\n<p><strong>Warum Sie uns beauftragen sollten:<\/strong><\/p>\n<p>Als erfolgreiches Unternehmen, oder sogar Marktf\u00fchrer halten Unternehmen den Erfolg bei der internationalen Expansion oft f\u00fcr selbstverst\u00e4ndlich und \u00fcbersch\u00e4tzen die Erfolgschancen bei weitem. Sie untersch\u00e4tzen die Herausforderungen, seien sie kultureller, sprachlicher, finanzieller oder rechtlicher Natur. Ein Marktf\u00fchrer zu sein, ist eine gute Ausgangsposition, aber keine Erfolgsgarantie, wie die Expansion von Walmart nach Deutschland zeigt. Wir kennen die M\u00e4rkte, helfen unseren Kunden vor Ort, verringern dadurch das Risiko, und erh\u00f6hen Ihre Erfolgschancen.<\/p>\n<p><strong>Wer sind wir:<\/strong><\/p>\n<p>Unsere Berater haben das erforderliche Fachwissen (Promotion, MBA usw.). Sie verf\u00fcgen \u00fcber umfangreiche Erfahrungen in der Industrie und in Ihrem Zielmarkt, kennen die lokalen Regeln und Gepflogenheiten und sprechen die Landessprache. <a href=\"https:\/\/www.gmexconsulting.com\/cms\/de\/kontakt\/\">Sprechen Sie mit uns<\/a> dar\u00fcber, was wir f\u00fcr Sie tun k\u00f6nnen. Gerne machen wir eine kostenlose Vorpr\u00fcfung Ihres Vorhabens.<\/p>\n<p><strong>Klienten:<\/strong><\/p>\n<style>\n        table {<br \/>            border-collapse: collapse; \/* Ensures no space between cells *\/<br \/>            width: 100%; \/* Optional: Set width to 100% *\/<br \/>        }<br \/>        td {<br \/>            border: none; \/* No borders for table cells *\/<br \/>            padding: 10px; \/* Optional: Add some padding *\/<br \/>            text-align: center; \/* Optional: Center text in cells *\/<br \/>        }<br \/>    <\/style>\n<p>&nbsp;<\/p>\n<table>\n<tbody>\n<tr>\n<td><img loading=\"lazy\" decoding=\"async\" class=\"alignnone wp-image-548 aligncenter\" src=\"https:\/\/www.gmexconsulting.com\/cms\/de\/wp-content\/uploads\/2024\/12\/C6-Bank.webp\" alt=\"\" width=\"237\" height=\"237\" srcset=\"https:\/\/www.gmexconsulting.com\/cms\/de\/wp-content\/uploads\/2024\/12\/C6-Bank.webp 160w, https:\/\/www.gmexconsulting.com\/cms\/de\/wp-content\/uploads\/2024\/12\/C6-Bank-150x150.webp 150w, https:\/\/www.gmexconsulting.com\/cms\/de\/wp-content\/uploads\/2024\/12\/C6-Bank-53x53.webp 53w, https:\/\/www.gmexconsulting.com\/cms\/de\/wp-content\/uploads\/2024\/12\/C6-Bank-24x24.webp 24w, https:\/\/www.gmexconsulting.com\/cms\/de\/wp-content\/uploads\/2024\/12\/C6-Bank-36x36.webp 36w, https:\/\/www.gmexconsulting.com\/cms\/de\/wp-content\/uploads\/2024\/12\/C6-Bank-48x48.webp 48w\" sizes=\"auto, (max-width: 237px) 100vw, 237px\" \/><\/td>\n<td style=\"text-align: center;\"><img loading=\"lazy\" decoding=\"async\" class=\"alignnone size-full wp-image-555\" src=\"https:\/\/www.gmexconsulting.com\/cms\/de\/wp-content\/uploads\/2024\/12\/b3-1.webp\" alt=\"\" width=\"330\" height=\"200\" srcset=\"https:\/\/www.gmexconsulting.com\/cms\/de\/wp-content\/uploads\/2024\/12\/b3-1.webp 330w, https:\/\/www.gmexconsulting.com\/cms\/de\/wp-content\/uploads\/2024\/12\/b3-1-300x182.webp 300w, https:\/\/www.gmexconsulting.com\/cms\/de\/wp-content\/uploads\/2024\/12\/b3-1-24x15.webp 24w, https:\/\/www.gmexconsulting.com\/cms\/de\/wp-content\/uploads\/2024\/12\/b3-1-36x22.webp 36w, https:\/\/www.gmexconsulting.com\/cms\/de\/wp-content\/uploads\/2024\/12\/b3-1-48x29.webp 48w\" sizes=\"auto, (max-width: 330px) 100vw, 330px\" \/><\/td>\n<td style=\"text-align: center;\"><img loading=\"lazy\" decoding=\"async\" class=\"alignnone wp-image-550\" src=\"https:\/\/www.gmexconsulting.com\/cms\/de\/wp-content\/uploads\/2024\/12\/nanocare.webp\" alt=\"\" width=\"281\" height=\"166\" srcset=\"https:\/\/www.gmexconsulting.com\/cms\/de\/wp-content\/uploads\/2024\/12\/nanocare.webp 1485w, https:\/\/www.gmexconsulting.com\/cms\/de\/wp-content\/uploads\/2024\/12\/nanocare-300x178.webp 300w, https:\/\/www.gmexconsulting.com\/cms\/de\/wp-content\/uploads\/2024\/12\/nanocare-1024x606.webp 1024w, https:\/\/www.gmexconsulting.com\/cms\/de\/wp-content\/uploads\/2024\/12\/nanocare-768x455.webp 768w, https:\/\/www.gmexconsulting.com\/cms\/de\/wp-content\/uploads\/2024\/12\/nanocare-24x14.webp 24w, https:\/\/www.gmexconsulting.com\/cms\/de\/wp-content\/uploads\/2024\/12\/nanocare-36x21.webp 36w, https:\/\/www.gmexconsulting.com\/cms\/de\/wp-content\/uploads\/2024\/12\/nanocare-48x28.webp 48w\" sizes=\"auto, (max-width: 281px) 100vw, 281px\" \/><\/td>\n<\/tr>\n<tr>\n<td style=\"text-align: center;\"><img loading=\"lazy\" decoding=\"async\" class=\"alignnone wp-image-551\" src=\"https:\/\/www.gmexconsulting.com\/cms\/de\/wp-content\/uploads\/2024\/12\/Lutec-Logo-for-web.webp\" alt=\"\" width=\"238\" height=\"192\" srcset=\"https:\/\/www.gmexconsulting.com\/cms\/de\/wp-content\/uploads\/2024\/12\/Lutec-Logo-for-web.webp 118w, https:\/\/www.gmexconsulting.com\/cms\/de\/wp-content\/uploads\/2024\/12\/Lutec-Logo-for-web-24x19.webp 24w, https:\/\/www.gmexconsulting.com\/cms\/de\/wp-content\/uploads\/2024\/12\/Lutec-Logo-for-web-36x29.webp 36w, https:\/\/www.gmexconsulting.com\/cms\/de\/wp-content\/uploads\/2024\/12\/Lutec-Logo-for-web-48x39.webp 48w\" sizes=\"auto, (max-width: 238px) 100vw, 238px\" \/><\/td>\n<td style=\"text-align: center;\"><img loading=\"lazy\" decoding=\"async\" class=\"alignnone size-full wp-image-552\" src=\"https:\/\/www.gmexconsulting.com\/cms\/de\/wp-content\/uploads\/2024\/12\/riccomponentes.webp\" alt=\"\" width=\"338\" height=\"219\" srcset=\"https:\/\/www.gmexconsulting.com\/cms\/de\/wp-content\/uploads\/2024\/12\/riccomponentes.webp 338w, https:\/\/www.gmexconsulting.com\/cms\/de\/wp-content\/uploads\/2024\/12\/riccomponentes-300x194.webp 300w, https:\/\/www.gmexconsulting.com\/cms\/de\/wp-content\/uploads\/2024\/12\/riccomponentes-24x16.webp 24w, https:\/\/www.gmexconsulting.com\/cms\/de\/wp-content\/uploads\/2024\/12\/riccomponentes-36x23.webp 36w, https:\/\/www.gmexconsulting.com\/cms\/de\/wp-content\/uploads\/2024\/12\/riccomponentes-48x31.webp 48w\" sizes=\"auto, (max-width: 338px) 100vw, 338px\" \/><\/td>\n<td style=\"text-align: center;\"><img loading=\"lazy\" decoding=\"async\" class=\"alignnone size-full wp-image-554 aligncenter\" src=\"https:\/\/www.gmexconsulting.com\/cms\/de\/wp-content\/uploads\/2024\/12\/rosemetal-1.webp\" alt=\"\" width=\"200\" height=\"100\" srcset=\"https:\/\/www.gmexconsulting.com\/cms\/de\/wp-content\/uploads\/2024\/12\/rosemetal-1.webp 200w, https:\/\/www.gmexconsulting.com\/cms\/de\/wp-content\/uploads\/2024\/12\/rosemetal-1-24x12.webp 24w, https:\/\/www.gmexconsulting.com\/cms\/de\/wp-content\/uploads\/2024\/12\/rosemetal-1-36x18.webp 36w, https:\/\/www.gmexconsulting.com\/cms\/de\/wp-content\/uploads\/2024\/12\/rosemetal-1-48x24.webp 48w\" sizes=\"auto, (max-width: 200px) 100vw, 200px\" \/><\/td>\n<\/tr>\n<tr>\n<td><\/td>\n<td><\/td>\n<td><\/td>\n<\/tr>\n<\/tbody>\n<\/table>\n<p>&nbsp;<\/p>\n","protected":false},"excerpt":{"rendered":"<p>Was wir tun: Wir unterst\u00fctzen Unternehmen bei der Expansion ins Ausland, indem wir sie beraten, wie sie fundierte Entscheidungen treffen k\u00f6nnen. Unser Ziel ist es, unseren Kunden zum Erfolg auf ausl\u00e4ndischen M\u00e4rkten zu verhelfen und sie bei der geostrategischen Diversifizierung zu unterst\u00fctzen. Wir bringen Sie in die Welt und die Welt zu Ihnen. Warum Sie [&hellip;]<\/p>\n","protected":false},"author":1,"featured_media":0,"parent":0,"menu_order":0,"comment_status":"closed","ping_status":"closed","template":"","meta":{"footnotes":"","_links_to":"","_links_to_target":""},"class_list":["post-20","page","type-page","status-publish","hentry"],"_links":{"self":[{"href":"https:\/\/www.gmexconsulting.com\/cms\/de\/wp-json\/wp\/v2\/pages\/20","targetHints":{"allow":["GET"]}}],"collection":[{"href":"https:\/\/www.gmexconsulting.com\/cms\/de\/wp-json\/wp\/v2\/pages"}],"about":[{"href":"https:\/\/www.gmexconsulting.com\/cms\/de\/wp-json\/wp\/v2\/types\/page"}],"author":[{"embeddable":true,"href":"https:\/\/www.gmexconsulting.com\/cms\/de\/wp-json\/wp\/v2\/users\/1"}],"replies":[{"embeddable":true,"href":"https:\/\/www.gmexconsulting.com\/cms\/de\/wp-json\/wp\/v2\/comments?post=20"}],"version-history":[{"count":12,"href":"https:\/\/www.gmexconsulting.com\/cms\/de\/wp-json\/wp\/v2\/pages\/20\/revisions"}],"predecessor-version":[{"id":892,"href":"https:\/\/www.gmexconsulting.com\/cms\/de\/wp-json\/wp\/v2\/pages\/20\/revisions\/892"}],"wp:attachment":[{"href":"https:\/\/www.gmexconsulting.com\/cms\/de\/wp-json\/wp\/v2\/media?parent=20"}],"curies":[{"name":"wp","href":"https:\/\/api.w.org\/{rel}","templated":true}]}}