{"id":26,"date":"2023-10-29T17:54:00","date_gmt":"2023-10-29T17:54:00","guid":{"rendered":"https:\/\/www.gmexconsulting.com\/cms\/de\/?page_id=26"},"modified":"2026-05-03T05:22:26","modified_gmt":"2026-05-03T05:22:26","slug":"markte","status":"publish","type":"page","link":"https:\/\/www.gmexconsulting.com\/cms\/de\/markte\/","title":{"rendered":"M\u00e4rkte"},"content":{"rendered":"\r\n<h2 class=\"wp-block-heading\">Internationale Markteintritts-Strategieberatungen<\/h2>\r\n\r\n\r\n\r\n<p class=\"has-medium-font-size\">\r\nWir bieten unsere Dienste von Deutschland (DACH) aus f\u00fcr die folgenden M\u00e4rkte an:\r\n<\/p>\r\n\r\n\r\n\r\n<div style=\"height:40px\" aria-hidden=\"true\" class=\"wp-block-spacer\"><\/div>\r\n\r\n\r\n<!-- ===================== USA ===================== -->\r\n\r\n\r\n<h3 class=\"has-x-large-font-size wp-block-heading\">\r\nUSA-Markteintritts-Strategieberatung (60 Minuten)\r\n<\/h3>\r\n\r\n\r\n\r\n<p class=\"has-medium-font-size\">\r\n<strong>Teilnahmegeb\u00fchr: 199 USD<\/strong>\r\n<\/p>\r\n\r\n\r\n\r\n<div class=\"wp-block-buttons is-layout-flex wp-block-buttons-is-layout-flex\">\r\n<div class=\"wp-block-button\">\r\n<a class=\"wp-block-button__link wp-element-button\" href=\"https:\/\/www.gmexconsulting.com\/cms\/de\/markte\/markteintritt-usa\/\">\r\nErstberatung buchen\r\n<\/a>\r\n<\/div>\r\n<\/div>\r\n\r\n\r\n\r\n<div style=\"height:20px\" aria-hidden=\"true\" class=\"wp-block-spacer\"><\/div>\r\n\r\n\r\n\r\n<figure class=\"wp-block-image size-large\">\r\n<img \r\nsrc=\"https:\/\/www.gmexconsulting.com\/cms\/wp-content\/uploads\/2026\/05\/us.webp\" \r\nalt=\"USA Markteintritt\"\r\nstyle=\"max-width:420px;width:100%;height:auto;\">\r\n<\/figure>\r\n\r\n\r\n\r\n<p class=\"has-medium-font-size\">\r\nDie USA bleiben die weltweit f\u00fchrende Wirtschafts- und Technologiemacht mit einem Bruttoinlandsprodukt (BIP) von rund 25,5 Billionen US-Dollar und einem Markt von mehr als 330 Millionen Konsumenten. Die Vereinigten Staaten bieten weiterhin hervorragende Chancen f\u00fcr innovationsgetriebene und international expandierende Unternehmen.\r\n<\/p>\r\n\r\n\r\n\r\n<hr class=\"wp-block-separator\"\/>\r\n\r\n\r\n<!-- ===================== CHINA ===================== -->\r\n\r\n\r\n<h3 class=\"has-x-large-font-size wp-block-heading\">\r\nChina-Markteintritts-Strategieberatung (60 Minuten)\r\n<\/h3>\r\n\r\n\r\n\r\n<p class=\"has-medium-font-size\">\r\n<strong>Teilnahmegeb\u00fchr: 199 USD<\/strong>\r\n<\/p>\r\n\r\n\r\n\r\n<div class=\"wp-block-buttons is-layout-flex wp-block-buttons-is-layout-flex\">\r\n<div class=\"wp-block-button\">\r\n<a class=\"wp-block-button__link wp-element-button\" href=\"https:\/\/www.gmexconsulting.com\/cms\/de\/markte\/markteintritt-china\/\">\r\nErstberatung buchen\r\n<\/a>\r\n<\/div>\r\n<\/div>\r\n\r\n\r\n\r\n<div style=\"height:20px\" aria-hidden=\"true\" class=\"wp-block-spacer\"><\/div>\r\n\r\n\r\n\r\n<figure class=\"wp-block-image size-large\">\r\n<img \r\nsrc=\"https:\/\/www.gmexconsulting.com\/cms\/wp-content\/uploads\/2024\/02\/cn.webp\" \r\nalt=\"China Markteintritt\"\r\nstyle=\"max-width:420px;width:100%;height:auto;\">\r\n<\/figure>\r\n\r\n\r\n\r\n<p class=\"has-medium-font-size\">\r\nChina bleibt einer der wichtigsten Industrie- und Konsumm\u00e4rkte der Welt mit einer Bev\u00f6lkerung von \u00fcber 1,4 Milliarden Menschen und einem Bruttoinlandsprodukt von rund 19 Billionen US-Dollar. Auch wenn sich das Wachstum verlangsamt hat, bietet China weiterhin bedeutende strategische Chancen f\u00fcr internationale Unternehmen.\r\n<\/p>\r\n\r\n\r\n\r\n<hr class=\"wp-block-separator\"\/>\r\n\r\n\r\n<!-- ===================== BRASILIEN ===================== -->\r\n\r\n\r\n<h3 class=\"has-x-large-font-size wp-block-heading\">\r\nBrasilien-Markteintritts-Strategieberatung (60 Minuten)\r\n<\/h3>\r\n\r\n\r\n\r\n<p class=\"has-medium-font-size\">\r\n<strong>Teilnahmegeb\u00fchr: 199 USD<\/strong>\r\n<\/p>\r\n\r\n\r\n\r\n<div class=\"wp-block-buttons is-layout-flex wp-block-buttons-is-layout-flex\">\r\n<div class=\"wp-block-button\">\r\n<a class=\"wp-block-button__link wp-element-button\" href=\"https:\/\/www.gmexconsulting.com\/cms\/de\/markte\/markteintritt-brasilien\/\">\r\nErstberatung buchen\r\n<\/a>\r\n<\/div>\r\n<\/div>\r\n\r\n\r\n\r\n<div style=\"height:20px\" aria-hidden=\"true\" class=\"wp-block-spacer\"><\/div>\r\n\r\n\r\n\r\n<figure class=\"wp-block-image size-large\">\r\n<img \r\nsrc=\"https:\/\/www.gmexconsulting.com\/cms\/wp-content\/uploads\/2024\/02\/br.webp\" \r\nalt=\"Brasilien Markteintritt\"\r\nstyle=\"max-width:420px;width:100%;height:auto;\">\r\n<\/figure>\r\n\r\n\r\n\r\n<p class=\"has-medium-font-size\">\r\nBrasilien ist die gr\u00f6\u00dfte Volkswirtschaft Lateinamerikas mit \u00fcber 214 Millionen Einwohnern und einem Bruttoinlandsprodukt von rund 1,6 Billionen US-Dollar. Als Mitglied des Mercosur-Handelsblocks kann Brasilien als strategisches Sprungbrett f\u00fcr den s\u00fcdamerikanischen Markt dienen.\r\n<\/p>\r\n\r\n\r\n\r\n<p class=\"has-medium-font-size\">\r\nWir bieten umfassende Beratungsdienstleistungen f\u00fcr diese M\u00e4rkte an. \r\n<a href=\"https:\/\/www.gmexconsulting.com\/cms\/de\/kontakt\">Bitte sprechen Sie mit uns.<\/a>\r\n<\/p>\r\n","protected":false},"excerpt":{"rendered":"<p>Internationale Markteintritts-Strategieberatungen Wir bieten unsere Dienste von Deutschland (DACH) aus f\u00fcr die folgenden M\u00e4rkte an: USA-Markteintritts-Strategieberatung (60 Minuten) Teilnahmegeb\u00fchr: 199 USD Die USA bleiben die weltweit f\u00fchrende Wirtschafts- und Technologiemacht mit einem Bruttoinlandsprodukt (BIP) von rund 25,5 Billionen US-Dollar und einem Markt von mehr als 330 Millionen Konsumenten. Die Vereinigten Staaten bieten weiterhin hervorragende Chancen [&hellip;]<\/p>\n","protected":false},"author":1,"featured_media":0,"parent":0,"menu_order":0,"comment_status":"closed","ping_status":"closed","template":"","meta":{"footnotes":"","_links_to":"","_links_to_target":""},"class_list":["post-26","page","type-page","status-publish","hentry"],"_links":{"self":[{"href":"https:\/\/www.gmexconsulting.com\/cms\/de\/wp-json\/wp\/v2\/pages\/26","targetHints":{"allow":["GET"]}}],"collection":[{"href":"https:\/\/www.gmexconsulting.com\/cms\/de\/wp-json\/wp\/v2\/pages"}],"about":[{"href":"https:\/\/www.gmexconsulting.com\/cms\/de\/wp-json\/wp\/v2\/types\/page"}],"author":[{"embeddable":true,"href":"https:\/\/www.gmexconsulting.com\/cms\/de\/wp-json\/wp\/v2\/users\/1"}],"replies":[{"embeddable":true,"href":"https:\/\/www.gmexconsulting.com\/cms\/de\/wp-json\/wp\/v2\/comments?post=26"}],"version-history":[{"count":7,"href":"https:\/\/www.gmexconsulting.com\/cms\/de\/wp-json\/wp\/v2\/pages\/26\/revisions"}],"predecessor-version":[{"id":1087,"href":"https:\/\/www.gmexconsulting.com\/cms\/de\/wp-json\/wp\/v2\/pages\/26\/revisions\/1087"}],"wp:attachment":[{"href":"https:\/\/www.gmexconsulting.com\/cms\/de\/wp-json\/wp\/v2\/media?parent=26"}],"curies":[{"name":"wp","href":"https:\/\/api.w.org\/{rel}","templated":true}]}}