{"id":28,"date":"2023-10-29T17:54:23","date_gmt":"2023-10-29T17:54:23","guid":{"rendered":"https:\/\/www.gmexconsulting.com\/cms\/de\/?page_id=28"},"modified":"2026-05-03T05:09:17","modified_gmt":"2026-05-03T05:09:17","slug":"dienstleistungen","status":"publish","type":"page","link":"https:\/\/www.gmexconsulting.com\/cms\/de\/dienstleistungen\/","title":{"rendered":"Dienstleistungen"},"content":{"rendered":"<p><strong>Entfalten Sie Ihr Potenzial mit unseren ma\u00dfgeschneiderten Dienstleistungen:<\/strong><\/p>\n<ol>\n<li><strong>Markteintrittsberatung in den USA, Brasilien und China:<\/strong> Vertrauen Sie auf unsere bew\u00e4hrten Frameworks und Beratungskonzepte, um Ihren reibungslosen Markteintritt zu gew\u00e4hrleisten. Wir unterst\u00fctzen Sie auch bei Firmenverlagerungen, beispielsweise aufgrund von Energiekostenoptimierung.<\/li>\n<li><strong>Partnersuche f\u00fcr Vertrieb und Kooperation:<\/strong> Finden Sie die idealen Vertriebs- und Kooperationspartner, um Ihr Netzwerk zu erweitern und Synergien zu schaffen.<\/li>\n<li><strong>M&amp;A-Expertise:<\/strong> Lassen Sie uns Ihnen bei der Akquisition von Unternehmen helfen. Profitieren Sie von unserer Erfahrung und begleiten Sie den gesamten Prozess f\u00fcr einen erfolgreichen Gesch\u00e4ftszusammenschluss.<\/li>\n<\/ol>\n<p>&nbsp;<\/p>\n<p><strong>Wir bieten unseren Kunden die folgenden Standarddienstleistungen an:<\/strong><\/p>\n<ol>\n<li><strong>Kostenlose Vorpr\u00fcfung<\/strong>: Wir pr\u00fcfen die Erfolgsaussichten einer Expansion im Ausland. Viele Firmen untersch\u00e4tzen die Herausforderung. Gerne schauen wir uns das an und geben eine kostenlose Erstberatung.<\/li>\n<li><strong>Marktbeobachtung:<\/strong> Open Innovation, Technologie Scouting und Produktmonitoring. <a href=\"https:\/\/www.gmexconsulting.com\/cms\/de\/marktbeobachtung\/?\">Mehr Infos<\/a>.<\/li>\n<\/ol>\n<p>&nbsp;<\/p>\n<p><a href=\"https:\/\/www.gmexconsulting.com\/cms\/de\/kontakt\/\">Reden Sie mit uns<\/a>, ganz unverbindlich und kostenlos.<\/p>\n<p>&nbsp;<\/p>\n<p>&nbsp;<\/p>\n","protected":false},"excerpt":{"rendered":"<p>Entfalten Sie Ihr Potenzial mit unseren ma\u00dfgeschneiderten Dienstleistungen: Markteintrittsberatung in den USA, Brasilien und China: Vertrauen Sie auf unsere bew\u00e4hrten Frameworks und Beratungskonzepte, um Ihren reibungslosen Markteintritt zu gew\u00e4hrleisten. Wir unterst\u00fctzen Sie auch bei Firmenverlagerungen, beispielsweise aufgrund von Energiekostenoptimierung. Partnersuche f\u00fcr Vertrieb und Kooperation: Finden Sie die idealen Vertriebs- und Kooperationspartner, um Ihr Netzwerk zu [&hellip;]<\/p>\n","protected":false},"author":1,"featured_media":0,"parent":0,"menu_order":0,"comment_status":"closed","ping_status":"closed","template":"","meta":{"footnotes":"","_links_to":"","_links_to_target":""},"class_list":["post-28","page","type-page","status-publish","hentry"],"_links":{"self":[{"href":"https:\/\/www.gmexconsulting.com\/cms\/de\/wp-json\/wp\/v2\/pages\/28","targetHints":{"allow":["GET"]}}],"collection":[{"href":"https:\/\/www.gmexconsulting.com\/cms\/de\/wp-json\/wp\/v2\/pages"}],"about":[{"href":"https:\/\/www.gmexconsulting.com\/cms\/de\/wp-json\/wp\/v2\/types\/page"}],"author":[{"embeddable":true,"href":"https:\/\/www.gmexconsulting.com\/cms\/de\/wp-json\/wp\/v2\/users\/1"}],"replies":[{"embeddable":true,"href":"https:\/\/www.gmexconsulting.com\/cms\/de\/wp-json\/wp\/v2\/comments?post=28"}],"version-history":[{"count":7,"href":"https:\/\/www.gmexconsulting.com\/cms\/de\/wp-json\/wp\/v2\/pages\/28\/revisions"}],"predecessor-version":[{"id":1085,"href":"https:\/\/www.gmexconsulting.com\/cms\/de\/wp-json\/wp\/v2\/pages\/28\/revisions\/1085"}],"wp:attachment":[{"href":"https:\/\/www.gmexconsulting.com\/cms\/de\/wp-json\/wp\/v2\/media?parent=28"}],"curies":[{"name":"wp","href":"https:\/\/api.w.org\/{rel}","templated":true}]}}